{"id":1957,"date":"2020-08-27T16:49:28","date_gmt":"2020-08-27T16:49:28","guid":{"rendered":"http:\/\/mynameisnobodybiz.ipower.com\/grrr\/?page_id=1957"},"modified":"2026-04-30T16:39:35","modified_gmt":"2026-04-30T16:39:35","slug":"1957-2","status":"publish","type":"page","link":"https:\/\/cosmicwurst.net\/grrr\/?page_id=1957","title":{"rendered":"Pour Moi"},"content":{"rendered":"\n<div style=\"height:20px\" aria-hidden=\"true\" class=\"wp-block-spacer\"><\/div>\n\n\n<style>.wp-block-kadence-advancedheading.kt-adv-heading1957_4500c9-33, .wp-block-kadence-advancedheading.kt-adv-heading1957_4500c9-33[data-kb-block=\"kb-adv-heading1957_4500c9-33\"]{font-weight:600;font-style:normal;font-family:'Barlow Condensed';color:#ffffff;}.wp-block-kadence-advancedheading.kt-adv-heading1957_4500c9-33 mark.kt-highlight, .wp-block-kadence-advancedheading.kt-adv-heading1957_4500c9-33[data-kb-block=\"kb-adv-heading1957_4500c9-33\"] mark.kt-highlight{font-style:normal;color:#f76a0c;-webkit-box-decoration-break:clone;box-decoration-break:clone;padding-top:0px;padding-right:0px;padding-bottom:0px;padding-left:0px;}.wp-block-kadence-advancedheading.kt-adv-heading1957_4500c9-33 img.kb-inline-image, .wp-block-kadence-advancedheading.kt-adv-heading1957_4500c9-33[data-kb-block=\"kb-adv-heading1957_4500c9-33\"] img.kb-inline-image{width:150px;vertical-align:baseline;}<\/style>\n<h1 class=\"kt-adv-heading1957_4500c9-33 wp-block-kadence-advancedheading\" data-kb-block=\"kb-adv-heading1957_4500c9-33\">Pour moi &#8230;<\/h1>\n\n\n<div id=\"playerVideo1\"  class=\"mbYTPVideo inline_YTPlayer\" data-property=\"{videoURL:'http:\/\/youtu.be\/ZKjZ158WRtQ', mobileFallbackImage:'', opacity:10, autoPlay:true, containment:'body', goFullScreenOnPlay:'false', startAt:0, stopAt:0, mute:true, vol:50, optimizeDisplay:true, showControls:false, printUrl:true, loop:true, addRaster:true, quality:'default', realfullscreen:true, ratio:'auto', abundance:'0.2', coverImage:false, anchor:'center,center', gaTrack:false, stopMovieOnBlur:false, remember_last_time:false}\"><\/div>\n\n\n<figure class=\"wp-block-video\"><video controls loop poster=\"https:\/\/cosmicwurst.net\/grrr\/wp-content\/uploads\/2026\/04\/Pour-Moi.png\" src=\"https:\/\/cosmicwurst.net\/grrr\/wp-content\/movies\/Pour_Moi-hevc-safari.mp4\" playsinline><\/video><\/figure>\n\n\n\n<p><\/p>\n\n\n\n<main id=\"wp-block-themeisle-blocks-advanced-columns-a2946a77\" class=\"wp-block-themeisle-blocks-advanced-columns alignwide has-1-columns has-desktop-equal-layout has-tablet-equal-layout has-mobile-equal-layout has-vertical-center ticss-a2946a77 has-dark-bg o-sticky o-sticky-scope-main-area o-sticky-pos-top o-sticky-bhvr-keep\"><div class=\"wp-block-themeisle-blocks-advanced-columns-overlay\"><\/div><div class=\"innerblocks-wrap\">\n<div id=\"wp-block-themeisle-blocks-advanced-column-92b2db05\" class=\"wp-block-themeisle-blocks-advanced-column\">\n<h4 id=\"wp-block-themeisle-blocks-advanced-heading-4ec82d77\" class=\"wp-block-themeisle-blocks-advanced-heading wp-block-themeisle-blocks-advanced-heading-4ec82d77\">Je suis a un concert des Young Gods, genre Woodstock ! Franz l\u2019a organis\u00e9 pour mon anniversaire, dans les montagnes helv\u00e9tiques. <br>Le public est d\u00e9chain\u00e9, les gens sont d\u00e9fonc\u00e9s, sous psychotropes divers. Champignons, lsd. <br>Ils courent, sautent, rampent et grimpent dans les collines qui se d\u00e9forment, c\u2019est tr\u00e8s dangereux. Ca monte ca descend comme des montagnes russes mais tout le monde se marre, trippe \u2026<br>Tout d\u2019un coup descente de flics et descente pour tous, le paysage redeviens stable alors que deux secondes avant je m\u2019agrippais a un rameau pour ne pas tomber dans les gouffres cr\u00e9es par les hallucinations visuelles du moment !<br>Un grad\u00e9, un flic fou, \u00e9nerv\u00e9 vide mes valises et balance toutes mes affaires n\u2019importe ou ! \u00c7a me rend dingue j\u2019arr\u00eate pas de le provoquer avec son look de flic hippie infiltr\u00e9 il est tr\u00e8s en\u00e8rv\u00e9, moi aussi.<br>Une fille essaie de me calmer, je me calme on s\u2019assois tous, autour d\u2019une table en bois, la discussion tourne en rond, on l\u2019appelle, il s\u2019en va \u2026 Je commence a r\u00e9cup\u00e9rer mes affaires, me barre vers un stade qui vient d\u2019apparaitre.<br>Des jeux olympiques sont en cours. D\u2019un seul coup je me demande ? Putain ! Il est ou est mon ampli Marshall ? Je l\u2019avais pr\u00eat\u00e9 au Gods pour leur concert \u2026<br>Je me dirige vers le stade, sur ma droite, une voiture s\u2019enfonce dans l\u2019herbe, comme happ\u00e9e par des sables mouvants. Je contourne une colonne du stade, devant moi un roadie !<br>Je l\u2019agresse , putain ! Ou est mon ampli Marshall ? Je l\u2019avais pr\u00e9t\u00e9 au Young Gods, sous la menace il me dit ou il est, j\u2019y vais !<br>Je sort du stade. Je cours \u2026 Je suis dans un magasin de jeux \u00e9lectroniques.<br>Mi amplis mi machines a sous \u2026. Et je n\u2019arrives pas a trouver mon ampli\u2026Je me reveilles \u2026<\/h4>\n<\/div>\n<\/div><\/main>\n\n\n<div class=\"cycloneslider cycloneslider-template-default cycloneslider-width-responsive\" id=\"cycloneslider-11-1\" style=\"max-width:1500px\" > <div class=\"cycloneslider-slides cycle-slideshow\" data-cycle-allow-wrap=\"true\" data-cycle-dynamic-height=\"off\" data-cycle-auto-height=\"1500:600\" data-cycle-auto-height-easing=\"null\" data-cycle-auto-height-speed=\"250\" data-cycle-delay=\"0\" data-cycle-easing=\"\" data-cycle-fx=\"tileBlind\" data-cycle-hide-non-active=\"true\" data-cycle-log=\"false\" data-cycle-next=\"#cycloneslider-11-1 .cycloneslider-next\" data-cycle-pager=\"#cycloneslider-11-1 .cycloneslider-pager\" data-cycle-pause-on-hover=\"false\" data-cycle-prev=\"#cycloneslider-11-1 .cycloneslider-prev\" data-cycle-slides=\"&gt; div\" data-cycle-speed=\"1000\" data-cycle-swipe=\"1\" data-cycle-tile-count=\"14\" data-cycle-tile-delay=\"100\" data-cycle-tile-vertical=\"false\" data-cycle-timeout=\"4000\" > <div class=\"cycloneslider-slide cycloneslider-slide-image\" > <a class=\"cycloneslider-caption-more\" href=\"http:\/\/cosmicwurst.net\/grrr\/?page_id=1756\"> <img decoding=\"async\" src=\"https:\/\/cosmicwurst.net\/grrr\/wp-content\/uploads\/2026\/04\/UdontI.png\" alt=\"\" title=\"\" \/> <\/a> <\/div> <div class=\"cycloneslider-slide cycloneslider-slide-image\" > <img decoding=\"async\" src=\"https:\/\/cosmicwurst.net\/grrr\/wp-content\/uploads\/2026\/04\/fuck_bas_2.png\" alt=\"\" title=\"\" \/> <\/div> <div class=\"cycloneslider-slide cycloneslider-slide-image\" > <a class=\"cycloneslider-caption-more\" href=\"http:\/\/cosmicwurst.net\/grrr\/?page_id=1765\"> <img decoding=\"async\" src=\"https:\/\/cosmicwurst.net\/grrr\/wp-content\/uploads\/2026\/04\/duh-1.png\" alt=\"\" title=\"\" \/> <\/a> <\/div> <div class=\"cycloneslider-slide cycloneslider-slide-image\" > <a class=\"cycloneslider-caption-more\" href=\"https:\/\/cosmicwurst.net\/grrr\/?page_id=2205\"> <img decoding=\"async\" src=\"https:\/\/cosmicwurst.net\/grrr\/wp-content\/uploads\/2026\/04\/Zen.png\" alt=\"\" title=\"\" \/> <\/a> <\/div> <div class=\"cycloneslider-slide cycloneslider-slide-image\" > <a class=\"cycloneslider-caption-more\" href=\"http:\/\/cosmicwurst.net\/grrr\/?page_id=1957\"> <img decoding=\"async\" src=\"https:\/\/cosmicwurst.net\/grrr\/wp-content\/uploads\/2026\/04\/pourmoi.png\" alt=\"\" title=\"\" \/> <\/a> <\/div> <div class=\"cycloneslider-slide cycloneslider-slide-image\" > <a class=\"cycloneslider-caption-more\" href=\"http:\/\/cosmicwurst.net\/grrr\/?page_id=1954\"> <img decoding=\"async\" src=\"https:\/\/cosmicwurst.net\/grrr\/wp-content\/uploads\/2026\/04\/hoho-1.png\" alt=\"\" title=\"\" \/> <\/a> <\/div> <div class=\"cycloneslider-slide cycloneslider-slide-image\" > <a class=\"cycloneslider-caption-more\" href=\"http:\/\/cosmicwurst.net\/grrr\/?page_id=1718\"> <img decoding=\"async\" src=\"https:\/\/cosmicwurst.net\/grrr\/wp-content\/uploads\/2026\/04\/Respire.png\" alt=\"\" title=\"\" \/> <\/a> <\/div> <div class=\"cycloneslider-slide cycloneslider-slide-image\" > <a class=\"cycloneslider-caption-more\" href=\"http:\/\/cosmicwurst.net\/grrr\/?page_id=1729\"> <img decoding=\"async\" src=\"https:\/\/cosmicwurst.net\/grrr\/wp-content\/uploads\/2026\/04\/autostopeurs.png\" alt=\"\" title=\"\" \/> <\/a> <\/div> <div class=\"cycloneslider-slide cycloneslider-slide-image\" > <a class=\"cycloneslider-caption-more\" href=\"http:\/\/cosmicwurst.net\/grrr\/?page_id=1976\"> <img decoding=\"async\" src=\"https:\/\/cosmicwurst.net\/grrr\/wp-content\/uploads\/2026\/04\/Ennio.png\" alt=\"\" title=\"\" \/> <\/a> <\/div> <div class=\"cycloneslider-slide cycloneslider-slide-image\" > <a class=\"cycloneslider-caption-more\" href=\"http:\/\/cosmicwurst.net\/grrr\/?page_id=1781\"> <img decoding=\"async\" src=\"https:\/\/cosmicwurst.net\/grrr\/wp-content\/uploads\/2026\/04\/bonjour-1.png\" alt=\"\" title=\"\" \/> <\/a> <\/div> <div class=\"cycloneslider-slide cycloneslider-slide-image\" > <a class=\"cycloneslider-caption-more\" href=\"http:\/\/cosmicwurst.net\/grrr\/?page_id=1747\"> <img decoding=\"async\" src=\"https:\/\/cosmicwurst.net\/grrr\/wp-content\/uploads\/2026\/04\/cheval-1.png\" alt=\"\" title=\"\" \/> <\/a> <\/div> <div class=\"cycloneslider-slide cycloneslider-slide-image\" > <a class=\"cycloneslider-caption-more\" href=\"https:\/\/cosmicwurst.net\/grrr\/?page_id=2081\"> <img decoding=\"async\" src=\"https:\/\/cosmicwurst.net\/grrr\/wp-content\/uploads\/2026\/04\/pascontent-1.png\" alt=\"\" title=\"\" \/> <\/a> <\/div> <div class=\"cycloneslider-slide cycloneslider-slide-image\" > <a class=\"cycloneslider-caption-more\" href=\"https:\/\/cosmicwurst.net\/grrr\/?page_id=2851\"> <img decoding=\"async\" src=\"https:\/\/cosmicwurst.net\/grrr\/wp-content\/uploads\/2026\/04\/bip_bas.png\" alt=\"\" title=\"\" \/> <\/a> <\/div> <div class=\"cycloneslider-slide cycloneslider-slide-image\" > <a class=\"cycloneslider-caption-more\" href=\"http:\/\/cosmicwurst.net\/grrr\/?page_id=1827\"> <img decoding=\"async\" src=\"https:\/\/cosmicwurst.net\/grrr\/wp-content\/uploads\/2026\/04\/suck.png\" alt=\"\" title=\"\" \/> <\/a> <\/div> <div class=\"cycloneslider-slide cycloneslider-slide-image\" > <a class=\"cycloneslider-caption-more\" href=\"http:\/\/cosmicwurst.net\/grrr\/?page_id=1848\"> <img decoding=\"async\" src=\"https:\/\/cosmicwurst.net\/grrr\/wp-content\/uploads\/2026\/04\/spleen-1.png\" alt=\"\" title=\"Spleen\" \/> <\/a> <\/div> <div class=\"cycloneslider-slide cycloneslider-slide-image\" > <a class=\"cycloneslider-caption-more\" href=\"http:\/\/cosmicwurst.net\/grrr\/?page_id=1750\"> <img decoding=\"async\" src=\"https:\/\/cosmicwurst.net\/grrr\/wp-content\/uploads\/2026\/04\/cool.png\" alt=\"\" title=\"\" \/> <\/a> <\/div> <div class=\"cycloneslider-slide cycloneslider-slide-image\" > <a class=\"cycloneslider-caption-more\" href=\"http:\/\/cosmicwurst.net\/grrr\/\"> <img decoding=\"async\" src=\"https:\/\/cosmicwurst.net\/grrr\/wp-content\/uploads\/2026\/04\/Expire-1.png\" alt=\"\" title=\"\" \/> <\/a> <\/div> <div class=\"cycloneslider-slide cycloneslider-slide-image\" > <a class=\"cycloneslider-caption-more\" href=\"http:\/\/cosmicwurst.net\/grrr\/?page_id=1732\"> <img decoding=\"async\" src=\"https:\/\/cosmicwurst.net\/grrr\/wp-content\/uploads\/2026\/04\/rondc-1.png\" alt=\"\" title=\"\" \/> <\/a> <\/div> <div class=\"cycloneslider-slide cycloneslider-slide-image\" > <a class=\"cycloneslider-caption-more\" href=\"http:\/\/cosmicwurst.net\/grrr\/?page_id=1724\"> <img decoding=\"async\" src=\"https:\/\/cosmicwurst.net\/grrr\/wp-content\/uploads\/2026\/04\/Haha.png\" alt=\"\" title=\"\" \/> <\/a> <\/div> <div class=\"cycloneslider-slide cycloneslider-slide-image\" > <a class=\"cycloneslider-caption-more\" href=\"http:\/\/cosmicwurst.net\/grrr\/?page_id=1760\"> <img decoding=\"async\" src=\"https:\/\/cosmicwurst.net\/grrr\/wp-content\/uploads\/2026\/04\/nicois.png\" alt=\"\" title=\"\" \/> <\/a> <\/div> <div class=\"cycloneslider-slide cycloneslider-slide-image\" > <a class=\"cycloneslider-caption-more\" href=\"http:\/\/cosmicwurst.net\/grrr\/?page_id=1688\"> <img decoding=\"async\" src=\"https:\/\/cosmicwurst.net\/grrr\/wp-content\/uploads\/2026\/04\/Avant-1.png\" alt=\"\" title=\"\" \/> <\/a> <\/div> <div class=\"cycloneslider-slide cycloneslider-slide-image\" > <a class=\"cycloneslider-caption-more\" href=\"http:\/\/cosmicwurst.net\/grrr\/?page_id=1778\"> <img decoding=\"async\" src=\"https:\/\/cosmicwurst.net\/grrr\/wp-content\/uploads\/2026\/04\/cuicui-1.png\" alt=\"\" title=\"\" \/> <\/a> <\/div> <div class=\"cycloneslider-slide cycloneslider-slide-image\" > <a class=\"cycloneslider-caption-more\" href=\"http:\/\/cosmicwurst.net\/grrr\/?page_id=1739\"> <img decoding=\"async\" src=\"https:\/\/cosmicwurst.net\/grrr\/wp-content\/uploads\/2026\/04\/tembrasser-1.png\" alt=\"\" title=\"\" \/> <\/a> <\/div> <\/div> <\/div>\n\n\n\n<p><\/p>\n","protected":false},"excerpt":{"rendered":"<p>Pour moi &#8230;<\/p>\n","protected":false},"author":4,"featured_media":0,"parent":0,"menu_order":0,"comment_status":"closed","ping_status":"closed","template":"full-width-page.php","meta":{"site-sidebar-layout":"default","site-content-layout":"","ast-site-content-layout":"default","site-content-style":"default","site-sidebar-style":"default","ast-global-header-display":"","ast-banner-title-visibility":"","ast-main-header-display":"","ast-hfb-above-header-display":"","ast-hfb-below-header-display":"","ast-hfb-mobile-header-display":"","site-post-title":"disabled","ast-breadcrumbs-content":"","ast-featured-img":"","footer-sml-layout":"","ast-disable-related-posts":"","theme-transparent-header-meta":"","adv-header-id-meta":"","stick-header-meta":"","header-above-stick-meta":"","header-main-stick-meta":"","header-below-stick-meta":"","astra-migrate-meta-layouts":"default","ast-page-background-enabled":"default","ast-page-background-meta":{"desktop":{"background-color":"var(--ast-global-color-5)","background-image":"","background-repeat":"repeat","background-position":"center center","background-size":"auto","background-attachment":"scroll","background-type":"","background-media":"","overlay-type":"","overlay-color":"","overlay-opacity":"","overlay-gradient":""},"tablet":{"background-color":"","background-image":"","background-repeat":"repeat","background-position":"center center","background-size":"auto","background-attachment":"scroll","background-type":"","background-media":"","overlay-type":"","overlay-color":"","overlay-opacity":"","overlay-gradient":""},"mobile":{"background-color":"","background-image":"","background-repeat":"repeat","background-position":"center center","background-size":"auto","background-attachment":"scroll","background-type":"","background-media":"","overlay-type":"","overlay-color":"","overlay-opacity":"","overlay-gradient":""}},"ast-content-background-meta":{"desktop":{"background-color":"var(--ast-global-color-4)","background-image":"","background-repeat":"repeat","background-position":"center center","background-size":"auto","background-attachment":"scroll","background-type":"","background-media":"","overlay-type":"","overlay-color":"","overlay-opacity":"","overlay-gradient":""},"tablet":{"background-color":"var(--ast-global-color-4)","background-image":"","background-repeat":"repeat","background-position":"center center","background-size":"auto","background-attachment":"scroll","background-type":"","background-media":"","overlay-type":"","overlay-color":"","overlay-opacity":"","overlay-gradient":""},"mobile":{"background-color":"var(--ast-global-color-4)","background-image":"","background-repeat":"repeat","background-position":"center center","background-size":"auto","background-attachment":"scroll","background-type":"","background-media":"","overlay-type":"","overlay-color":"","overlay-opacity":"","overlay-gradient":""}},"_themeisle_gutenberg_block_has_review":false,"footnotes":""},"class_list":["post-1957","page","type-page","status-publish","hentry"],"_links":{"self":[{"href":"https:\/\/cosmicwurst.net\/grrr\/index.php?rest_route=\/wp\/v2\/pages\/1957","targetHints":{"allow":["GET"]}}],"collection":[{"href":"https:\/\/cosmicwurst.net\/grrr\/index.php?rest_route=\/wp\/v2\/pages"}],"about":[{"href":"https:\/\/cosmicwurst.net\/grrr\/index.php?rest_route=\/wp\/v2\/types\/page"}],"author":[{"embeddable":true,"href":"https:\/\/cosmicwurst.net\/grrr\/index.php?rest_route=\/wp\/v2\/users\/4"}],"replies":[{"embeddable":true,"href":"https:\/\/cosmicwurst.net\/grrr\/index.php?rest_route=%2Fwp%2Fv2%2Fcomments&post=1957"}],"version-history":[{"count":81,"href":"https:\/\/cosmicwurst.net\/grrr\/index.php?rest_route=\/wp\/v2\/pages\/1957\/revisions"}],"predecessor-version":[{"id":2901,"href":"https:\/\/cosmicwurst.net\/grrr\/index.php?rest_route=\/wp\/v2\/pages\/1957\/revisions\/2901"}],"wp:attachment":[{"href":"https:\/\/cosmicwurst.net\/grrr\/index.php?rest_route=%2Fwp%2Fv2%2Fmedia&parent=1957"}],"curies":[{"name":"wp","href":"https:\/\/api.w.org\/{rel}","templated":true}]}}